{"id":9,"date":"2025-05-07T16:24:19","date_gmt":"2025-05-07T14:24:19","guid":{"rendered":"https:\/\/dreamscapes.ovh\/?page_id=9"},"modified":"2026-04-28T23:11:49","modified_gmt":"2026-04-28T21:11:49","slug":"accueil","status":"publish","type":"page","link":"https:\/\/dreamscapesvoyages.fr\/","title":{"rendered":"Accueil"},"content":{"rendered":"\t\t<div data-elementor-type=\"wp-page\" data-elementor-id=\"9\" class=\"elementor elementor-9\">\n\t\t\t\t<div class=\"elementor-element elementor-element-963f4ba e-flex e-con-boxed e-con e-parent\" data-id=\"963f4ba\" data-element_type=\"container\" data-e-type=\"container\">\n\t\t\t\t\t<div class=\"e-con-inner\">\n\t\t\t\t<div class=\"elementor-element elementor-element-8f41182 elementor-widget elementor-widget-image\" data-id=\"8f41182\" data-element_type=\"widget\" data-e-type=\"widget\" data-widget_type=\"image.default\">\n\t\t\t\t<div class=\"elementor-widget-container\">\n\t\t\t\t\t\t\t\t\t\t\t\t\t\t\t<img fetchpriority=\"high\" decoding=\"async\" width=\"1024\" height=\"427\" src=\"https:\/\/dreamscapesvoyages.fr\/wp-content\/uploads\/2026\/04\/fond-accueil-3-1024x427.png\" class=\"attachment-large size-large wp-image-973\" alt=\"\" srcset=\"https:\/\/dreamscapesvoyages.fr\/wp-content\/uploads\/2026\/04\/fond-accueil-3-1024x427.png 1024w, https:\/\/dreamscapesvoyages.fr\/wp-content\/uploads\/2026\/04\/fond-accueil-3-300x125.png 300w, https:\/\/dreamscapesvoyages.fr\/wp-content\/uploads\/2026\/04\/fond-accueil-3-768x320.png 768w, https:\/\/dreamscapesvoyages.fr\/wp-content\/uploads\/2026\/04\/fond-accueil-3-1536x640.png 1536w, https:\/\/dreamscapesvoyages.fr\/wp-content\/uploads\/2026\/04\/fond-accueil-3.png 1920w\" sizes=\"(max-width: 1024px) 100vw, 1024px\" \/>\t\t\t\t\t\t\t\t\t\t\t\t\t\t\t<\/div>\n\t\t\t\t<\/div>\n\t\t\t\t\t<\/div>\n\t\t\t\t<\/div>\n\t\t<div class=\"elementor-element elementor-element-04d03ee e-flex e-con-boxed e-con e-parent\" data-id=\"04d03ee\" data-element_type=\"container\" data-e-type=\"container\">\n\t\t\t\t\t<div class=\"e-con-inner\">\n\t\t\t\t<div class=\"elementor-element elementor-element-0ba4b9b elementor-hidden-desktop elementor-widget elementor-widget-text-editor\" data-id=\"0ba4b9b\" data-element_type=\"widget\" data-e-type=\"widget\" data-widget_type=\"text-editor.default\">\n\t\t\t\t<div class=\"elementor-widget-container\">\n\t\t\t\t\t\t\t\t\t<p><span style=\"color: #ffffff;\">Un blog de voyage familial \u00e0 la d\u00e9couverte des parcs Disney en France comme \u00e0 l\u2019\u00e9tranger, de la d\u00e9couverte de villes \u00e0 travers le monde.<\/span><\/p><p><span style=\"color: #ffffff;\">Venez avec nous, on vous partage nos avance, Enjoy\u00a0!<\/span><\/p>\t\t\t\t\t\t\t\t<\/div>\n\t\t\t\t<\/div>\n\t\t\t\t\t<\/div>\n\t\t\t\t<\/div>\n\t\t<div class=\"elementor-element elementor-element-679b0d8 e-flex e-con-boxed e-con e-parent\" data-id=\"679b0d8\" data-element_type=\"container\" data-e-type=\"container\">\n\t\t\t\t\t<div class=\"e-con-inner\">\n\t\t\t\t<div class=\"elementor-element elementor-element-3139dc2 elementor-widget elementor-widget-text-editor\" data-id=\"3139dc2\" data-element_type=\"widget\" data-e-type=\"widget\" data-widget_type=\"text-editor.default\">\n\t\t\t\t<div class=\"elementor-widget-container\">\n\t\t\t\t\t\t\t\t\t<p class=\"font_8 wixui-rich-text__text\" style=\"background-image: initial; background-position: initial; background-size: initial; background-repeat: initial; background-attachment: initial; background-origin: initial; background-clip: initial; pointer-events: auto; font: 400 17px \/ 1.5em avenir-lt-w01_35-light1475496, sans-serif; color: #696969; margin-block: 0px; margin-bottom: 0px; text-align: center;\"><span class=\"wixui-rich-text__text\" style=\"background-image: initial; background-position: initial; background-size: initial; background-repeat: initial; background-attachment: initial; background-origin: initial; background-clip: initial; font-size: 17px;\"><span class=\"color_37 wixui-rich-text__text\" style=\"background-image: initial; background-position: initial; background-size: initial; background-repeat: initial; background-attachment: initial; background-origin: initial; background-clip: initial; color: #000000;\">\u00a0<\/span><\/span><span class=\"wixui-rich-text__text\" style=\"background-image: initial; background-position: initial; background-size: initial; background-repeat: initial; background-attachment: initial; background-origin: initial; background-clip: initial; font-size: 17px;\"><span class=\"color_37 wixui-rich-text__text\" style=\"background-image: initial; background-position: initial; background-size: initial; background-repeat: initial; background-attachment: initial; background-origin: initial; background-clip: initial; color: #000000;\">Ci-dessous, retrouvez les trois principales sections pour vous balader sur notre site.<br class=\"wixui-rich-text__text\" \/>Juste apr\u00e8s ces sections, les derniers post du blog mis \u00e0 jour.<\/span><\/span><\/p><p class=\"font_8 wixui-rich-text__text\" style=\"background-image: initial; background-position: initial; background-size: initial; background-repeat: initial; background-attachment: initial; background-origin: initial; background-clip: initial; pointer-events: auto; font: 400 17px \/ 1.5em avenir-lt-w01_35-light1475496, sans-serif; color: #696969; margin-block: 0px; margin-bottom: 0px; text-align: center;\"><span class=\"wixui-rich-text__text\" style=\"background-image: initial; background-position: initial; background-size: initial; background-repeat: initial; background-attachment: initial; background-origin: initial; background-clip: initial; font-size: 17px;\"><span class=\"color_37 wixui-rich-text__text\" style=\"background-image: initial; background-position: initial; background-size: initial; background-repeat: initial; background-attachment: initial; background-origin: initial; background-clip: initial; color: #000000;\">Tous les post sont \u00e0 retrouver dans l&rsquo;onglet \u00ab\u00a0Blog\u00a0\u00bb, du menu principal en haut de cette page !<\/span><\/span><\/p><p class=\"font_8 wixui-rich-text__text\" style=\"background-image: initial; background-position: initial; background-size: initial; background-repeat: initial; background-attachment: initial; background-origin: initial; background-clip: initial; pointer-events: auto; font: 400 17px \/ 1.5em avenir-lt-w01_35-light1475496, sans-serif; color: #696969; margin-block: 0px; margin-bottom: 0px; text-align: center;\"><span class=\"wixui-rich-text__text\" style=\"background-image: initial; background-position: initial; background-size: initial; background-repeat: initial; background-attachment: initial; background-origin: initial; background-clip: initial; font-size: 17px;\"><span class=\"color_37 wixui-rich-text__text\" style=\"background-image: initial; background-position: initial; background-size: initial; background-repeat: initial; background-attachment: initial; background-origin: initial; background-clip: initial; color: #000000;\">N&rsquo;h\u00e9sitez pas \u00e0 vous inscrire \u00e0 la newsletter, pour rester connect\u00e9 avec nous durant ce voyage !<\/span><\/span><\/p><p class=\"font_8 wixui-rich-text__text\" style=\"background-image: initial; background-position: initial; background-size: initial; background-repeat: initial; background-attachment: initial; background-origin: initial; background-clip: initial; pointer-events: auto; font: 400 17px \/ 1.5em avenir-lt-w01_35-light1475496, sans-serif; color: #696969; margin-block: 0px; margin-bottom: 0px; text-align: center;\"><span class=\"wixui-rich-text__text\" style=\"background-image: initial; background-position: initial; background-size: initial; background-repeat: initial; background-attachment: initial; background-origin: initial; background-clip: initial; font-size: 17px;\"><span class=\"color_37 wixui-rich-text__text\" style=\"background-image: initial; background-position: initial; background-size: initial; background-repeat: initial; background-attachment: initial; background-origin: initial; background-clip: initial; color: #000000;\">\u00a0<\/span><\/span><\/p><p class=\"font_8 wixui-rich-text__text\" style=\"background-image: initial; background-position: initial; background-size: initial; background-repeat: initial; background-attachment: initial; background-origin: initial; background-clip: initial; pointer-events: auto; font: 400 17px \/ 1.5em avenir-lt-w01_35-light1475496, sans-serif; color: #696969; margin-block: 0px; margin-bottom: 0px; text-align: center;\"><span class=\"wixui-rich-text__text\" style=\"background-image: initial; background-position: initial; background-size: initial; background-repeat: initial; background-attachment: initial; background-origin: initial; background-clip: initial; font-size: 17px;\"><span class=\"color_37 wixui-rich-text__text\" style=\"background-image: initial; background-position: initial; background-size: initial; background-repeat: initial; background-attachment: initial; background-origin: initial; background-clip: initial; color: #000000;\">(<\/span><\/span><span class=\"wixui-rich-text__text\" style=\"background-image: initial; background-position: initial; background-size: initial; background-repeat: initial; background-attachment: initial; background-origin: initial; background-clip: initial; font-size: 16px;\"><span class=\"color_37 wixui-rich-text__text\" style=\"background-image: initial; background-position: initial; background-size: initial; background-repeat: initial; background-attachment: initial; background-origin: initial; background-clip: initial; color: #000000;\">m\u00e0j du 20\/05\/2025 : Nouveau site en ligne, certaines sections sont encore en cours de construction<\/span><\/span><span class=\"wixui-rich-text__text\" style=\"background-image: initial; background-position: initial; background-size: initial; background-repeat: initial; background-attachment: initial; background-origin: initial; background-clip: initial; font-size: 17px;\"><span class=\"color_37 wixui-rich-text__text\" style=\"background-image: initial; background-position: initial; background-size: initial; background-repeat: initial; background-attachment: initial; background-origin: initial; background-clip: initial; color: #000000;\">)<\/span><\/span><\/p>\t\t\t\t\t\t\t\t<\/div>\n\t\t\t\t<\/div>\n\t\t\t\t\t<\/div>\n\t\t\t\t<\/div>\n\t\t<div class=\"elementor-element elementor-element-e1b2775 e-flex e-con-boxed e-con e-parent\" data-id=\"e1b2775\" data-element_type=\"container\" data-e-type=\"container\">\n\t\t\t\t\t<div class=\"e-con-inner\">\n\t\t<div class=\"elementor-element elementor-element-ea33ee3 e-con-full e-flex e-con e-child\" data-id=\"ea33ee3\" data-element_type=\"container\" data-e-type=\"container\">\n\t\t\t\t<div class=\"elementor-element elementor-element-2d84aaf elementor-align-center elementor-absolute elementor-widget elementor-widget-button\" data-id=\"2d84aaf\" data-element_type=\"widget\" data-e-type=\"widget\" data-settings=\"{&quot;_position&quot;:&quot;absolute&quot;}\" data-widget_type=\"button.default\">\n\t\t\t\t<div class=\"elementor-widget-container\">\n\t\t\t\t\t\t\t\t\t<div class=\"elementor-button-wrapper\">\n\t\t\t\t\t<a class=\"elementor-button elementor-button-link elementor-size-sm\" href=\"https:\/\/dreamscapes.ovh\/index.php\/actus\/\">\n\t\t\t\t\t\t<span class=\"elementor-button-content-wrapper\">\n\t\t\t\t\t\t\t\t\t<span class=\"elementor-button-text\">Voyager<\/span>\n\t\t\t\t\t<\/span>\n\t\t\t\t\t<\/a>\n\t\t\t\t<\/div>\n\t\t\t\t\t\t\t\t<\/div>\n\t\t\t\t<\/div>\n\t\t\t\t<\/div>\n\t\t<div class=\"elementor-element elementor-element-3260707 e-con-full e-flex e-con e-child\" data-id=\"3260707\" data-element_type=\"container\" data-e-type=\"container\">\n\t\t\t\t<div class=\"elementor-element elementor-element-f824218 elementor-align-center elementor-absolute elementor-widget elementor-widget-button\" data-id=\"f824218\" data-element_type=\"widget\" data-e-type=\"widget\" data-settings=\"{&quot;_position&quot;:&quot;absolute&quot;}\" data-widget_type=\"button.default\">\n\t\t\t\t<div class=\"elementor-widget-container\">\n\t\t\t\t\t\t\t\t\t<div class=\"elementor-button-wrapper\">\n\t\t\t\t\t<a class=\"elementor-button elementor-button-link elementor-size-sm\" href=\"https:\/\/dreamscapes.ovh\/index.php\/restaurations\/\">\n\t\t\t\t\t\t<span class=\"elementor-button-content-wrapper\">\n\t\t\t\t\t\t\t\t\t<span class=\"elementor-button-text\">Restaurants<\/span>\n\t\t\t\t\t<\/span>\n\t\t\t\t\t<\/a>\n\t\t\t\t<\/div>\n\t\t\t\t\t\t\t\t<\/div>\n\t\t\t\t<\/div>\n\t\t\t\t<\/div>\n\t\t<div class=\"elementor-element elementor-element-acd8d2e e-con-full e-flex e-con e-child\" data-id=\"acd8d2e\" data-element_type=\"container\" data-e-type=\"container\">\n\t\t\t\t<div class=\"elementor-element elementor-element-108763a elementor-align-center elementor-absolute elementor-widget elementor-widget-button\" data-id=\"108763a\" data-element_type=\"widget\" data-e-type=\"widget\" data-settings=\"{&quot;_position&quot;:&quot;absolute&quot;}\" data-widget_type=\"button.default\">\n\t\t\t\t<div class=\"elementor-widget-container\">\n\t\t\t\t\t\t\t\t\t<div class=\"elementor-button-wrapper\">\n\t\t\t\t\t<a class=\"elementor-button elementor-button-link elementor-size-sm\" href=\"https:\/\/dreamscapes.ovh\/index.php\/actus\/\">\n\t\t\t\t\t\t<span class=\"elementor-button-content-wrapper\">\n\t\t\t\t\t\t\t\t\t<span class=\"elementor-button-text\">Blog<\/span>\n\t\t\t\t\t<\/span>\n\t\t\t\t\t<\/a>\n\t\t\t\t<\/div>\n\t\t\t\t\t\t\t\t<\/div>\n\t\t\t\t<\/div>\n\t\t\t\t<\/div>\n\t\t\t\t\t<\/div>\n\t\t\t\t<\/div>\n\t\t<div class=\"elementor-element elementor-element-f651de8 e-flex e-con-boxed e-con e-parent\" data-id=\"f651de8\" data-element_type=\"container\" data-e-type=\"container\">\n\t\t\t\t\t<div class=\"e-con-inner\">\n\t\t\t\t<div class=\"elementor-element elementor-element-f77991e elementor-widget elementor-widget-html\" data-id=\"f77991e\" data-element_type=\"widget\" data-e-type=\"widget\" data-widget_type=\"html.default\">\n\t\t\t\t<div class=\"elementor-widget-container\">\n\t\t\t\t\t<div class=\"ml-embedded\" data-form=\"9xrUDm\"><\/div>\t\t\t\t<\/div>\n\t\t\t\t<\/div>\n\t\t\t\t\t<\/div>\n\t\t\t\t<\/div>\n\t\t<div class=\"elementor-element elementor-element-51d3163 e-flex e-con-boxed e-con e-parent\" data-id=\"51d3163\" data-element_type=\"container\" data-e-type=\"container\">\n\t\t\t\t\t<div class=\"e-con-inner\">\n\t\t\t\t<div class=\"elementor-element elementor-element-b49ea82 elementor-widget elementor-widget-heading\" data-id=\"b49ea82\" data-element_type=\"widget\" data-e-type=\"widget\" data-widget_type=\"heading.default\">\n\t\t\t\t<div class=\"elementor-widget-container\">\n\t\t\t\t\t<h1 class=\"elementor-heading-title elementor-size-default\">Derniers articles en ligne<\/h1>\t\t\t\t<\/div>\n\t\t\t\t<\/div>\n\t\t\t\t<div class=\"elementor-element elementor-element-bf2fc09 elementor-widget elementor-widget-elementskit-blog-posts\" data-id=\"bf2fc09\" data-element_type=\"widget\" data-e-type=\"widget\" data-settings=\"{&quot;_animation&quot;:&quot;none&quot;}\" data-widget_type=\"elementskit-blog-posts.default\">\n\t\t\t\t<div class=\"elementor-widget-container\">\n\t\t\t\t\t<div class=\"ekit-wid-con\" >        <div id=\"post-items--bf2fc09\" class=\"row post-items\">\n                    <div class=\"col-lg-4 col-md-6\">\n\n                                    <div class=\"elementskit-post-image-card\">\n                        <div class=\"elementskit-entry-header\">\n                                                            <a href=\"https:\/\/dreamscapesvoyages.fr\/index.php\/2025\/06\/30\/test-puy-du-fou\/\" class=\"elementskit-entry-thumb\">\n                                    <img decoding=\"async\" src=\"https:\/\/dreamscapesvoyages.fr\/wp-content\/uploads\/2025\/06\/logo-PUY-DU-FOU-300x300.jpeg\" alt=\"Test puy du fou\">\n                                <\/a><!-- .elementskit-entry-thumb END -->\n                                                            \n                            \n\t\t\t\t\t\t\t\t\t\t\t\t\t<\/div><!-- .elementskit-entry-header END -->\n\n\t\t\t\t\t\t<div class=\"elementskit-post-body \">\n\t\t\t\t\t\t\t\t\t\t\t\t\t\t\t\t\t\t\t\t<h2 class=\"entry-title\">\n\t\t\t\t\t<a href=\"https:\/\/dreamscapesvoyages.fr\/index.php\/2025\/06\/30\/test-puy-du-fou\/\">\n\t\t\t\t\t\tTest puy du fou\t\t\t\t\t<\/a>\n\t\t\t\t<\/h2>\n\t\t\t\t\t\t\t\t\t\t\t\n\t\t\t\t\t\t\t\t\t\t\t\t\t\t\t\t\t\t\t\t\t\t\t\t\t\n\t\t\t\t\t\t\t\t\n\t\t\t\t\t\t\t\t\t\t\t\t\t\t\t\t\t\t\t\t\t\t\t\t\t\t\t\t\t\t\t\t\t\t\t\t\t\t\t<p>Test du we au puy du fou<\/p>\n\t\t\t\t\t\t\t\t\t\t\t\t\t\t\t\t\t\t\t\t\t\t                                                            <div class=\"btn-wraper\">\n                                    \n                                                                            <a class=\"elementskit-btn whitespace--normal\" id=\"\" href=\"https:\/\/dreamscapesvoyages.fr\/index.php\/2025\/06\/30\/test-puy-du-fou\/\">\n                                        \t                                            Lire plus...                                        <\/a>\n                                                                    <\/div>\n                                                    <\/div><!-- .elementskit-post-body END -->\n                    <\/div>\n                \n            <\/div>\n                    <div class=\"col-lg-4 col-md-6\">\n\n                                    <div class=\"elementskit-post-image-card\">\n                        <div class=\"elementskit-entry-header\">\n                                                            <a href=\"https:\/\/dreamscapesvoyages.fr\/index.php\/2024\/08\/27\/the-last-day-in-magic\/\" class=\"elementskit-entry-thumb\">\n                                    <img decoding=\"async\" src=\"https:\/\/dreamscapesvoyages.fr\/wp-content\/uploads\/2024\/08\/34-2024-the-last-day-1200-630-300x150.jpg\" alt=\"The last day in Magic&#8230;\">\n                                <\/a><!-- .elementskit-entry-thumb END -->\n                                                            \n                            \n\t\t\t\t\t\t\t\t\t\t\t\t\t<\/div><!-- .elementskit-entry-header END -->\n\n\t\t\t\t\t\t<div class=\"elementskit-post-body \">\n\t\t\t\t\t\t\t\t\t\t\t\t\t\t\t\t\t\t\t\t<h2 class=\"entry-title\">\n\t\t\t\t\t<a href=\"https:\/\/dreamscapesvoyages.fr\/index.php\/2024\/08\/27\/the-last-day-in-magic\/\">\n\t\t\t\t\t\tThe last day in Magic&#8230;\t\t\t\t\t<\/a>\n\t\t\t\t<\/h2>\n\t\t\t\t\t\t\t\t\t\t\t\n\t\t\t\t\t\t\t\t\t\t\t\t\t\t\t\t\t\t\t\t\t\t\t\t\t\n\t\t\t\t\t\t\t\t\n\t\t\t\t\t\t\t\t\t\t\t\t\t\t\t\t\t\t\t\t\t\t\t\t\t\t\t\t\t\t\t\t\t\t\t\t\t\t\t<p>Jour 17 &amp; jour 18 (Mardi 27 ao\u00fbt 2024 &amp; Mercredi 28 ao\u00fbt 2024) Ce matin nous avions mis un\u2026<\/p>\n\t\t\t\t\t\t\t\t\t\t\t\t\t\t\t\t\t\t\t\t\t\t                                                            <div class=\"btn-wraper\">\n                                    \n                                                                            <a class=\"elementskit-btn whitespace--normal\" id=\"\" href=\"https:\/\/dreamscapesvoyages.fr\/index.php\/2024\/08\/27\/the-last-day-in-magic\/\">\n                                        \t                                            Lire plus...                                        <\/a>\n                                                                    <\/div>\n                                                    <\/div><!-- .elementskit-post-body END -->\n                    <\/div>\n                \n            <\/div>\n                    <div class=\"col-lg-4 col-md-6\">\n\n                                    <div class=\"elementskit-post-image-card\">\n                        <div class=\"elementskit-entry-header\">\n                                                            <a href=\"https:\/\/dreamscapesvoyages.fr\/index.php\/2024\/08\/26\/une-derniere-scene-a-hollywood-studio\/\" class=\"elementskit-entry-thumb\">\n                                    <img decoding=\"async\" src=\"https:\/\/dreamscapesvoyages.fr\/wp-content\/uploads\/2024\/08\/33-2024-une-derniere-scene-1200-630-300x150.jpg\" alt=\"Une derni\u00e8re sc\u00e8ne \u00e0 Hollywood Studio\u2026\">\n                                <\/a><!-- .elementskit-entry-thumb END -->\n                                                            \n                            \n\t\t\t\t\t\t\t\t\t\t\t\t\t<\/div><!-- .elementskit-entry-header END -->\n\n\t\t\t\t\t\t<div class=\"elementskit-post-body \">\n\t\t\t\t\t\t\t\t\t\t\t\t\t\t\t\t\t\t\t\t<h2 class=\"entry-title\">\n\t\t\t\t\t<a href=\"https:\/\/dreamscapesvoyages.fr\/index.php\/2024\/08\/26\/une-derniere-scene-a-hollywood-studio\/\">\n\t\t\t\t\t\tUne derni\u00e8re sc\u00e8ne \u00e0 Hollywood Studio\u2026\t\t\t\t\t<\/a>\n\t\t\t\t<\/h2>\n\t\t\t\t\t\t\t\t\t\t\t\n\t\t\t\t\t\t\t\t\t\t\t\t\t\t\t\t\t\t\t\t\t\t\t\t\t\n\t\t\t\t\t\t\t\t\n\t\t\t\t\t\t\t\t\t\t\t\t\t\t\t\t\t\t\t\t\t\t\t\t\t\t\t\t\t\t\t\t\t\t\t\t\t\t\t<p>Jour 16 (Lundi 26 ao\u00fbt 2024) Aujourd&rsquo;hui c&rsquo;est le r\u00e9veil \u00e0 7h qui sonne pour nous dire de nous lever.Les\u2026<\/p>\n\t\t\t\t\t\t\t\t\t\t\t\t\t\t\t\t\t\t\t\t\t\t                                                            <div class=\"btn-wraper\">\n                                    \n                                                                            <a class=\"elementskit-btn whitespace--normal\" id=\"\" href=\"https:\/\/dreamscapesvoyages.fr\/index.php\/2024\/08\/26\/une-derniere-scene-a-hollywood-studio\/\">\n                                        \t                                            Lire plus...                                        <\/a>\n                                                                    <\/div>\n                                                    <\/div><!-- .elementskit-post-body END -->\n                    <\/div>\n                \n            <\/div>\n                <\/div>\n       <\/div>\t\t\t\t<\/div>\n\t\t\t\t<\/div>\n\t\t\t\t\t<\/div>\n\t\t\t\t<\/div>\n\t\t\t\t<\/div>\n\t\t","protected":false},"excerpt":{"rendered":"<p>Un blog de voyage familial \u00e0 la d\u00e9couverte des parcs Disney en France comme \u00e0 l\u2019\u00e9tranger, de la d\u00e9couverte de villes \u00e0 travers le monde. Venez avec nous, on vous partage nos avance, Enjoy\u00a0! \u00a0Ci-dessous, retrouvez les trois principales sections pour vous balader sur notre site.Juste apr\u00e8s ces sections, les derniers post du blog mis [&hellip;]<\/p>\n","protected":false},"author":1,"featured_media":0,"parent":0,"menu_order":0,"comment_status":"closed","ping_status":"closed","template":"","meta":{"ocean_post_layout":"","ocean_both_sidebars_style":"","ocean_both_sidebars_content_width":0,"ocean_both_sidebars_sidebars_width":0,"ocean_sidebar":"","ocean_second_sidebar":"","ocean_disable_margins":"enable","ocean_add_body_class":"","ocean_shortcode_before_top_bar":"","ocean_shortcode_after_top_bar":"","ocean_shortcode_before_header":"","ocean_shortcode_after_header":"","ocean_has_shortcode":"","ocean_shortcode_after_title":"","ocean_shortcode_before_footer_widgets":"","ocean_shortcode_after_footer_widgets":"","ocean_shortcode_before_footer_bottom":"","ocean_shortcode_after_footer_bottom":"","ocean_display_top_bar":"default","ocean_display_header":"default","ocean_header_style":"","ocean_center_header_left_menu":"","ocean_custom_header_template":"","ocean_custom_logo":0,"ocean_custom_retina_logo":0,"ocean_custom_logo_max_width":0,"ocean_custom_logo_tablet_max_width":0,"ocean_custom_logo_mobile_max_width":0,"ocean_custom_logo_max_height":0,"ocean_custom_logo_tablet_max_height":0,"ocean_custom_logo_mobile_max_height":0,"ocean_header_custom_menu":"","ocean_menu_typo_font_family":"","ocean_menu_typo_font_subset":"","ocean_menu_typo_font_size":0,"ocean_menu_typo_font_size_tablet":0,"ocean_menu_typo_font_size_mobile":0,"ocean_menu_typo_font_size_unit":"px","ocean_menu_typo_font_weight":"","ocean_menu_typo_font_weight_tablet":"","ocean_menu_typo_font_weight_mobile":"","ocean_menu_typo_transform":"","ocean_menu_typo_transform_tablet":"","ocean_menu_typo_transform_mobile":"","ocean_menu_typo_line_height":0,"ocean_menu_typo_line_height_tablet":0,"ocean_menu_typo_line_height_mobile":0,"ocean_menu_typo_line_height_unit":"","ocean_menu_typo_spacing":0,"ocean_menu_typo_spacing_tablet":0,"ocean_menu_typo_spacing_mobile":0,"ocean_menu_typo_spacing_unit":"","ocean_menu_link_color":"","ocean_menu_link_color_hover":"","ocean_menu_link_color_active":"","ocean_menu_link_background":"","ocean_menu_link_hover_background":"","ocean_menu_link_active_background":"","ocean_menu_social_links_bg":"","ocean_menu_social_hover_links_bg":"","ocean_menu_social_links_color":"","ocean_menu_social_hover_links_color":"","ocean_disable_title":"on","ocean_disable_heading":"default","ocean_post_title":"","ocean_post_subheading":"","ocean_post_title_style":"","ocean_post_title_background_color":"","ocean_post_title_background":0,"ocean_post_title_bg_image_position":"","ocean_post_title_bg_image_attachment":"","ocean_post_title_bg_image_repeat":"","ocean_post_title_bg_image_size":"","ocean_post_title_height":0,"ocean_post_title_bg_overlay":0.5,"ocean_post_title_bg_overlay_color":"","ocean_disable_breadcrumbs":"default","ocean_breadcrumbs_color":"","ocean_breadcrumbs_separator_color":"","ocean_breadcrumbs_links_color":"","ocean_breadcrumbs_links_hover_color":"","ocean_display_footer_widgets":"default","ocean_display_footer_bottom":"default","ocean_custom_footer_template":"","footnotes":""},"class_list":["post-9","page","type-page","status-publish","hentry","entry","has-media"],"_links":{"self":[{"href":"https:\/\/dreamscapesvoyages.fr\/index.php\/wp-json\/wp\/v2\/pages\/9","targetHints":{"allow":["GET"]}}],"collection":[{"href":"https:\/\/dreamscapesvoyages.fr\/index.php\/wp-json\/wp\/v2\/pages"}],"about":[{"href":"https:\/\/dreamscapesvoyages.fr\/index.php\/wp-json\/wp\/v2\/types\/page"}],"author":[{"embeddable":true,"href":"https:\/\/dreamscapesvoyages.fr\/index.php\/wp-json\/wp\/v2\/users\/1"}],"replies":[{"embeddable":true,"href":"https:\/\/dreamscapesvoyages.fr\/index.php\/wp-json\/wp\/v2\/comments?post=9"}],"version-history":[{"count":122,"href":"https:\/\/dreamscapesvoyages.fr\/index.php\/wp-json\/wp\/v2\/pages\/9\/revisions"}],"predecessor-version":[{"id":976,"href":"https:\/\/dreamscapesvoyages.fr\/index.php\/wp-json\/wp\/v2\/pages\/9\/revisions\/976"}],"wp:attachment":[{"href":"https:\/\/dreamscapesvoyages.fr\/index.php\/wp-json\/wp\/v2\/media?parent=9"}],"curies":[{"name":"wp","href":"https:\/\/api.w.org\/{rel}","templated":true}]}}